{"id":99034,"date":"2023-11-09T00:09:27","date_gmt":"2023-11-08T23:09:27","guid":{"rendered":"https:\/\/bcn.indipro.es\/politica-de-privacidad\/"},"modified":"2023-12-13T12:48:50","modified_gmt":"2023-12-13T11:48:50","slug":"politica-de-privacidad","status":"publish","type":"page","link":"https:\/\/bcn.indipro.es\/es\/politica-de-privacidad\/","title":{"rendered":"Pol\u00edtica de privacidad"},"content":{"rendered":"\t\t<div data-elementor-type=\"wp-page\" data-elementor-id=\"99034\" class=\"elementor elementor-99034 elementor-96174\" data-elementor-post-type=\"page\">\n\t\t\t\t\t\t<section class=\"elementor-section elementor-top-section elementor-element elementor-element-583786c elementor-reverse-tablet elementor-reverse-mobile elementor-section-height-min-height elementor-section-items-stretch elementor-section-boxed elementor-section-height-default\" data-id=\"583786c\" data-element_type=\"section\" data-settings=\"{&quot;background_background&quot;:&quot;gradient&quot;}\">\n\t\t\t\t\t\t\t<div class=\"elementor-background-overlay\"><\/div>\n\t\t\t\t\t\t\t<div class=\"elementor-container elementor-column-gap-wider\">\n\t\t\t\t\t<div class=\"elementor-column elementor-col-100 elementor-top-column elementor-element elementor-element-a969fa0\" data-id=\"a969fa0\" data-element_type=\"column\">\n\t\t\t<div class=\"elementor-widget-wrap elementor-element-populated\">\n\t\t\t\t\t\t<div class=\"elementor-element elementor-element-ab8d00b elementor-widget elementor-widget-the7-heading\" data-id=\"ab8d00b\" data-element_type=\"widget\" data-widget_type=\"the7-heading.default\">\n\t\t\t\t<div class=\"elementor-widget-container\">\n\t\t\t<h2 class=\"the7-heading-title elementor-size-default\">Pol\u00edtica de privacidad<\/h2>\t\t<\/div>\n\t\t\t\t<\/div>\n\t\t\t\t\t<\/div>\n\t\t<\/div>\n\t\t\t\t\t<\/div>\n\t\t<\/section>\n\t\t\t\t<section class=\"elementor-section elementor-top-section elementor-element elementor-element-92fae9a elementor-section-boxed elementor-section-height-default elementor-section-height-default\" data-id=\"92fae9a\" data-element_type=\"section\" data-settings=\"{&quot;background_background&quot;:&quot;classic&quot;}\">\n\t\t\t\t\t\t<div class=\"elementor-container elementor-column-gap-wider\">\n\t\t\t\t\t<div class=\"elementor-column elementor-col-100 elementor-top-column elementor-element elementor-element-664579b\" data-id=\"664579b\" data-element_type=\"column\">\n\t\t\t<div class=\"elementor-widget-wrap elementor-element-populated\">\n\t\t\t\t\t\t<div class=\"elementor-element elementor-element-5d80877 elementor-widget elementor-widget-text-editor\" data-id=\"5d80877\" data-element_type=\"widget\" data-widget_type=\"text-editor.default\">\n\t\t\t\t<div class=\"elementor-widget-container\">\n\t\t\t\t\t\t\t<div class=\"elementor-text-editor elementor-clearfix\">\n<p>Bienvenido a la Pol\u00edtica de Privacidad del <a href=\"https:\/\/www.loquesea.com\"><strong>sitio web<\/strong><\/a> . Aqu\u00ed encontrar\u00e1 cuestiones relativas a su privacidad ya la protecci\u00f3n de sus datos personales. Esta pol\u00edtica toma como base el Reglamento General de Protecci\u00f3n de Datos (RGPD), o Reglamento (UE) 679\/2016.<\/p>\n<\/p>\n<p><strong>Menoras de edad<\/strong><br \/>Si fuera menor de edad, debe saber que por debajo de los 13 a\u00f1os se requiere el consentimiento de los padres o tutoras para que tenga lugar tratamiento de sus datos personales. Si tiene menos de 13 a\u00f1os, por favor, no nos entregue ninguna informaci\u00f3n personal en loquesea.com, ni se registre en nuestra web.<\/p>\n<p>Adem\u00e1s, ciertas datos de menores est\u00e1n especialmente protegidos por el Reglamento, en particular los que se basan en tratamientos de elaboraci\u00f3n de perfiles. En ning\u00fan caso se solicitar\u00e1 a los menores de 18 a\u00f1os informaci\u00f3n sobre la actividad personal, econ\u00f3mica o intimidad de la familia del menor<\/p>\n<\/p>\n<p><strong>Tratamiento de datos personales en <a href=\"https:\/\/www.loquesea.com\">el sitio web<\/a><\/strong><\/p>\n<p>De acuerdo con lo establecido en la normativa actual, las datos que recabemos en <strong><a href=\"https:\/\/www.loquesea.com\">el sitio web<\/a><\/strong> ser\u00e1n:<\/p>\n<ul>\n<li><strong>adecuados<\/strong><\/li>\n<li><strong>pertinentes<\/strong><\/li>\n<li><strong>limitados a lo necesario<\/strong><\/li>\n<\/ul>\n<p>con la \u00fanica finalidad de responder a los formularios de contacto y los comentarios de este blog.<\/p>\n<p>El usuario que comunique su informaci\u00f3n personal al <a href=\"https:\/\/www.loquesea.com\"><strong>sitio web<\/strong><\/a> deber\u00e1 saber tambi\u00e9n que dicha informaci\u00f3n ser\u00e1 cedida s\u00f3lo a la empresa que provea de hosting al <a href=\"https:\/\/www.loquesea.com\"><strong>sitio web<\/strong><\/a> al dise\u00f1ador web, a WordPress.Org como soporte web ya Google Analytics.<\/p>\n<p>En caso de que sea necesario ceder sus datos personales a terceros para ofrecer un nuevo servicio, <a href=\"https:\/\/www.loquesea.com\"><strong>el sitio web<\/strong><\/a> se asegurar\u00e1 de contar con su consentimiento como interesado, y de que los terceros cumplan con el Reglamento General de Protecci\u00f3n de Datos. Adem\u00e1s, se realizar\u00eda la actualizaci\u00f3n pertinente de esta Pol\u00edtica de Privacidad.<\/p>\n<p>Debe saber tambi\u00e9n que podr\u00e1 ejercer en cualquier momento sus derechos reconocidos en el Reglamento: acceso, rectificaci\u00f3n, supresi\u00f3n, olvido, oposici\u00f3n, limitaci\u00f3n del tratamiento, portabilidad de las datos ya no ser objeto de decisiones individuales automatizadas, incluyendo la elaboraci\u00f3n de perfiles. Para ello, podr\u00e1 acudir a la p\u00e1gina de contacto.<\/p>\n<\/p>\n<p><strong>Principios de esta pol\u00edtica de privacidad<\/strong><br \/>Esta pol\u00edtica de privacidad se inspira en los principios que regen el Reglamento General de Protecci\u00f3n de Datos y en otros valores que se consideran deseables en <strong><a href=\"https:\/\/www.loquesea.com\">el sitio web<\/a><\/strong> :<\/p>\n<ul>\n<li><strong>Transparencia en el desarrollo de la actividad:<\/strong> En <a href=\"https:\/\/www.loquesea.com\"><strong>el sitio web<\/strong><\/a> se procurar\u00e1 ser siempre transparente, en particular en lo referente a la gesti\u00f3n de datos personales.<\/li>\n<li><strong>Principio de responsabilidad proactiva:<\/strong> Las datos personales se tratar\u00e1n siempre con el m\u00e1ximo cuidado y se revisar\u00e1n peri\u00f3dicamente las medidas de seguridad aplicadas y la legitimidad del tratamiento de dichas datos.<\/li>\n<li><strong>Principio de minimizaci\u00f3n de las datos:<\/strong> Las datos personales recabados en <strong><a href=\"https:\/\/www.loquesea.com\">el sitio web<\/a><\/strong> ser\u00e1n siempre adecuados, pertinentes y limitados a lo necesario para poder realizar las finalidades leg\u00edtimas para las que el interesado otorga su consentimiento: la suscripci\u00f3n a contenidos, el formulario de contacto y el de comentarios.<\/li>\n<li><strong>Rechazo de estrategias invasivas para el usuario:<\/strong><br \/> En <a href=\"https:\/\/www.loquesea.com\"><strong>el sitio web<\/strong><\/a> nos desmarcamos profundamente de las estrategias de spam y publicidad invasiva, lo que hace del <a href=\"https:\/\/www.loquesea.com\"><strong>sitio web<\/strong><\/a> es un espacio libre de publicidad.<\/li>\n<\/ul>\n<p><strong>Base legal que respalda el tratamiento<\/strong><br \/>El tratamiento de datos personales se realiza en <a href=\"https:\/\/www.loquesea.com\"><strong>el sitio web<\/strong><\/a> de acuerdo con:<\/p>\n<p>Reglamento (UE) 679\/2016 o Reglamento General de Protecci\u00f3n de Datos (RGPD)<br \/>Ley 34\/2002, de 11 de julio, de servicios de la sociedad de la informaci\u00f3n y comercio electr\u00f3nico.<\/p>\n<p>Adem\u00e1s, el tratamiento de datos personales en <a href=\"https:\/\/www.loquesea.com\"><strong>el sitio web<\/strong><\/a> se justifica dado que el interesado ha dado su consentimiento a trav\u00e9s de una clara acci\u00f3n afirmativa en <a href=\"https:\/\/www.loquesea.com\"><strong>www.loquesea.com<\/strong><\/a> o de forma impl\u00edcita al navegar por este blog.<\/p>\n<\/p>\n<p><strong>Responsable del tratamiento de datos personales<\/strong><br \/>La informaci\u00f3n de contacto que encontrar\u00e1 a continuaci\u00f3n responde al Responsable del Tratamiento de sus datos personales, es decir, a la entidad tras <a href=\"https:\/\/www.loquesea.com\"><strong>el sitio web<\/strong><\/a><\/p>\n<\/p>\n<table>\n<tbody>\n<tr>\n<td colspan=\"2\" width=\"566\"><strong>INFORMACI\u00d3N B\u00c1SICA DEL RESPONSABLE<\/strong><\/td>\n<\/tr>\n<tr>\n<td width=\"151\">Entidad<\/td>\n<td width=\"415\">Antonio R. Moreno Poyato<\/td>\n<\/tr>\n<tr>\n<td width=\"151\"> <\/td>\n<td width=\"415\"> <\/td>\n<\/tr>\n<tr>\n<td width=\"151\">Apdo. Correos<\/td>\n<td width=\"415\">Gran V\u00eda de las Corts Catalanas, 585<\/td>\n<\/tr>\n<tr>\n<td width=\"151\">Tel\u00e9fono<\/td>\n<td width=\"415\"> <\/td>\n<\/tr>\n<tr>\n<td width=\"151\">Actividad<\/td>\n<td width=\"415\">Investigaci\u00f3n<\/td>\n<\/tr>\n<\/tbody>\n<\/table>\n<h3> <\/h3>\n<p><strong>Derechos reconocidos<\/strong><br \/>Cualquier persona tiene derecho a ser adecuadamente informada en materia de protecci\u00f3n de datos, ya obtener confirmaci\u00f3n sobre si en <a href=\"https:\/\/www.loquesea.com\"><strong>el sitio web<\/strong><\/a> se tratan sus datos personales o no.<\/p>\n<p>Las personas interesadas podr\u00e1n ejercer su derecho de acceso a la informaci\u00f3n en poder de  <a href=\"https:\/\/www.loquesea.com\"><strong>el sitio web<\/strong><\/a>, incluyendo la obtenci\u00f3n de una copia de las datos, as\u00ed como su derecho a rectificar dichas datos oa suprimirlas cuando no sean necesarios para los fines que fueron recogidos, entre otros motivos.<\/p>\n<p>Asimismo, en determinadas circunstancias podr\u00e1n solicitar la limitaci\u00f3n del tratamiento de sus datos personales, lo que implicar\u00e1 su conservaci\u00f3n en exclusiva para el ejercicio o defensa de reclamaciones. Igualmente, en determinadas circunstancias y por motivos relacionados con su situaci\u00f3n particular, los interesados \u200b\u200bpodr\u00e1n oponerse al tratamiento de sus datos personales. En <a href=\"https:\/\/www.loquesea.com\"><strong>el sitio web<\/strong><\/a> se dejar\u00e1 de tratar estas datos salvo por motivos leg\u00edtimos imperiosos o el ejercicio o defensa de reclamaciones.<\/p>\n<p>Igualmente, el interesado podr\u00e1 ejercer el derecho a la portabilidad de sus datos personales automatizados en poder del <a href=\"https:\/\/www.loquesea.com\"><strong>sitio web<\/strong><\/a> , que ser\u00e1n trasladados en un formato accesible a otro Responsable de Tratamiento de la elecci\u00f3n del interesado.<\/p>\n<\/p>\n<p><strong>Posibilidad de reclamaci\u00f3n<\/strong><br \/>Si as\u00ed lo deseara y considerar\u00e1 sus derechos vulnerados, el interesado tendr\u00e1 siempre derecho a presentar una reclamaci\u00f3n ante la Agencia Espa\u00f1ola de Protecci\u00f3n de Datos, que es la autoridad de control en la materia.<\/p>\n<\/p>\n<p><strong>Finalidades del tratamiento y datos que se tratan<\/strong><br \/>Para que tenga constancia de qu\u00e9 tipo de datos se gestionan en <a href=\"https:\/\/www.loquesea.com\"><strong>el sitio web<\/strong><\/a> y por qu\u00e9, a continuaci\u00f3n encontrar\u00e1 un resumen de la informaci\u00f3n personal que se maneja en el normal desarrollo de la actividad del <strong><a href=\"https:\/\/www.loquesea.com\">sitio web<\/a><\/strong> :<\/p>\n<p>Para la gesti\u00f3n de formularios de contacto y suscripci\u00f3n en la p\u00e1gina web, se tratar\u00e1n las datos de los usuarios de la web tales como el n\u00famero, el email y la direcci\u00f3n IP.<br \/>Asimismo, las datos para mejorar los servicios digitales incluyendo sistemas de cifrado y cookies se tratar\u00e1n las mismas datos identificativos: n\u00famero, direcci\u00f3n email y direcci\u00f3n IP.<\/p>\n<\/p>\n<p><strong>Conservaci\u00f3n de las datos<\/strong><br \/>Las datos ser\u00e1n conservadas mientras no se solicite supresi\u00f3n por parte del interesado.<\/p>\n<\/p>\n<p><strong>Cesiones de las datos<\/strong><br \/>La gesti\u00f3n de la p\u00e1gina web del <strong><a href=\"https:\/\/www.loquesea.com\">sitio web<\/a><\/strong> se tramitar\u00e1 parcialmente de forma interna y en parte a trav\u00e9s de un servicio contratado. Por eso, las datos personales de los usuarios de la web ser\u00e1n cedidos a las siguientes entidades:<\/p>\n<ul>\n<li>Hosting: OVH HISPANO, SL (B83834747), soporte@ovh.es \u2013 Su pol\u00edtica de protecci\u00f3n de datos personales se puede consultar <strong><a href=\"https:\/\/www.ovhcloud.com\/es-es\/personal-data-protection\/\">aqu\u00ed<\/a><\/strong> .<\/li>\n<li>Plataforma web:org \u2013 la cesi\u00f3n de datos responde \u00fanicamente a los servicios de soporte que proporciona WordPress.org<\/li>\n<li>Dise\u00f1o y programaci\u00f3n web: INDIPROWEB SL (B24613655), <a href=\"mailto:info@indipro.es\"><strong>info@indipro.es<\/strong><\/a> \u2013 Su pol\u00edtica de protecci\u00f3n de datos personales se puede consultar <a href=\"https:\/\/www.indipro.es\/politica-de-privacidad\/\"><strong>aqu\u00ed.<\/strong><\/a><\/li>\n<li>An\u00e1lisis y cookies: Google Analytics \u2013 Se puede consultar el apartado de pol\u00edtica de privacidad <a href=\"https:\/\/marketingplatform.google.com\/about\/\"><strong>aqu\u00ed<\/strong><\/a> .<\/li>\n<\/ul>\n<p>Si la relaci\u00f3n contractual terminara y fuera necesario designar a otra empresa para que preste este servicio, se contar\u00e1 con el consentimiento expl\u00edcito de los usuarios y la empresa <a href=\"https:\/\/www.loquesea.com\"><strong>www.loquesea.com<\/strong><\/a> se asegurar\u00e1 de que en dicha entidad se cumpla con el Reglamento General de Protecci\u00f3n de Datos.<\/p>\n<\/p>\n<p><strong>Confidencialidad<\/strong><br \/>En <a href=\"https:\/\/www.loquesea.com\"><strong>www.loquesea.com<\/strong><\/a> garantizamos que se mantendr\u00e1 la m\u00e1s estricta confidencialidad de sus datos personales, y que no ser\u00e1n cedidos a ninguna entidad salvo las imprescindiblemente necesarias para el desarrollo de la actividad de este blog.<\/p>\n<\/p>\n<p>Si tiene alg\u00fan duda, por favor no dude en contactar desde nuestro formulario de contacto.<\/p>\n<p>Antonio R. Moreno Poyato<\/p>\n<p><a href=\"https:\/\/www.loquesea.com\"><strong>www.loquesea.com<\/strong><\/a><\/p>\n<p>Documento actualizado a 10 de noviembre de 2023<\/p>\n<\/div>\n\t\t\t\t\t\t<\/div>\n\t\t\t\t<\/div>\n\t\t\t\t\t<\/div>\n\t\t<\/div>\n\t\t\t\t\t<\/div>\n\t\t<\/section>\n\t\t\t\t<\/div>\n\t\t","protected":false},"excerpt":{"rendered":"<p>Pol\u00edtica de privacidad Bienvenido a la Pol\u00edtica de Privacidad del sitio web . Aqu\u00ed encontrar\u00e1 cuestiones relativas a su privacidad ya la protecci\u00f3n de sus datos personales. Esta pol\u00edtica toma&hellip;<\/p>\n","protected":false},"author":1,"featured_media":0,"parent":0,"menu_order":21,"comment_status":"closed","ping_status":"closed","template":"elementor_header_footer","meta":{"inline_featured_image":false,"footnotes":""},"class_list":["post-99034","page","type-page","status-publish","hentry"],"aioseo_notices":[],"_links":{"self":[{"href":"https:\/\/bcn.indipro.es\/es\/wp-json\/wp\/v2\/pages\/99034","targetHints":{"allow":["GET"]}}],"collection":[{"href":"https:\/\/bcn.indipro.es\/es\/wp-json\/wp\/v2\/pages"}],"about":[{"href":"https:\/\/bcn.indipro.es\/es\/wp-json\/wp\/v2\/types\/page"}],"author":[{"embeddable":true,"href":"https:\/\/bcn.indipro.es\/es\/wp-json\/wp\/v2\/users\/1"}],"replies":[{"embeddable":true,"href":"https:\/\/bcn.indipro.es\/es\/wp-json\/wp\/v2\/comments?post=99034"}],"version-history":[{"count":6,"href":"https:\/\/bcn.indipro.es\/es\/wp-json\/wp\/v2\/pages\/99034\/revisions"}],"predecessor-version":[{"id":99484,"href":"https:\/\/bcn.indipro.es\/es\/wp-json\/wp\/v2\/pages\/99034\/revisions\/99484"}],"wp:attachment":[{"href":"https:\/\/bcn.indipro.es\/es\/wp-json\/wp\/v2\/media?parent=99034"}],"curies":[{"name":"wp","href":"https:\/\/api.w.org\/{rel}","templated":true}]}}