{"id":99032,"date":"2023-11-09T00:16:41","date_gmt":"2023-11-08T23:16:41","guid":{"rendered":"https:\/\/bcn.indipro.es\/politica-de-cookies\/"},"modified":"2023-12-13T12:51:44","modified_gmt":"2023-12-13T11:51:44","slug":"politica-de-cookies","status":"publish","type":"page","link":"https:\/\/bcn.indipro.es\/es\/politica-de-cookies\/","title":{"rendered":"Pol\u00edtica de cookies"},"content":{"rendered":"\t\t<div data-elementor-type=\"wp-page\" data-elementor-id=\"99032\" class=\"elementor elementor-99032 elementor-96177\" data-elementor-post-type=\"page\">\n\t\t\t\t\t\t<section class=\"elementor-section elementor-top-section elementor-element elementor-element-583786c elementor-reverse-tablet elementor-reverse-mobile elementor-section-height-min-height elementor-section-items-stretch elementor-section-boxed elementor-section-height-default\" data-id=\"583786c\" data-element_type=\"section\" data-settings=\"{&quot;background_background&quot;:&quot;gradient&quot;}\">\n\t\t\t\t\t\t\t<div class=\"elementor-background-overlay\"><\/div>\n\t\t\t\t\t\t\t<div class=\"elementor-container elementor-column-gap-wider\">\n\t\t\t\t\t<div class=\"elementor-column elementor-col-100 elementor-top-column elementor-element elementor-element-a969fa0\" data-id=\"a969fa0\" data-element_type=\"column\">\n\t\t\t<div class=\"elementor-widget-wrap elementor-element-populated\">\n\t\t\t\t\t\t<div class=\"elementor-element elementor-element-ab8d00b elementor-widget elementor-widget-the7-heading\" data-id=\"ab8d00b\" data-element_type=\"widget\" data-widget_type=\"the7-heading.default\">\n\t\t\t\t<div class=\"elementor-widget-container\">\n\t\t\t<h2 class=\"the7-heading-title elementor-size-default\">Pol\u00edtica de cookies<\/h2>\t\t<\/div>\n\t\t\t\t<\/div>\n\t\t\t\t\t<\/div>\n\t\t<\/div>\n\t\t\t\t\t<\/div>\n\t\t<\/section>\n\t\t\t\t<section class=\"elementor-section elementor-top-section elementor-element elementor-element-92fae9a elementor-section-boxed elementor-section-height-default elementor-section-height-default\" data-id=\"92fae9a\" data-element_type=\"section\" data-settings=\"{&quot;background_background&quot;:&quot;classic&quot;}\">\n\t\t\t\t\t\t<div class=\"elementor-container elementor-column-gap-wider\">\n\t\t\t\t\t<div class=\"elementor-column elementor-col-100 elementor-top-column elementor-element elementor-element-664579b\" data-id=\"664579b\" data-element_type=\"column\">\n\t\t\t<div class=\"elementor-widget-wrap elementor-element-populated\">\n\t\t\t\t\t\t<div class=\"elementor-element elementor-element-e9f98ba elementor-widget elementor-widget-text-editor\" data-id=\"e9f98ba\" data-element_type=\"widget\" data-widget_type=\"text-editor.default\">\n\t\t\t\t<div class=\"elementor-widget-container\">\n\t\t\t\t\t\t\t<div class=\"wpb_wrapper\">\n<p><strong>\u00bfQu\u00e9 son las cookies? <\/strong><\/p>\n<p>Las cookies son peque\u00f1os ficheros con informaci\u00f3n que se almacenan en su navegador web al acceder y usar determinadas p\u00e1ginas web. Estos ficheros permiten que las p\u00e1ginas web puedan recuperar informaci\u00f3n sobre sus h\u00e1bitos y preferencias de navegaci\u00f3n o sobre el dispositivo desde el que se conecta.<\/p>\n<p>A pesar de que son fundamentales para prestar un buen servicio, en funci\u00f3n del tipo de informaci\u00f3n que contengan pueden resultar peligrosas para su privacidad. Por este motivo, la legislaci\u00f3n espa\u00f1ola ha establecido que para instalar determinados tipos de cookies en su navegador es necesario informar previamente y obtener su consentimiento. Mediante la presente Pol\u00edtica de cookies queremos informarle claramente y de modo suficiente sobre el tipo de cookies que empleamos en este sitio web.<\/p>\n<\/p>\n<p><strong>\u00bfQu\u00e9 tipo de cookies empleamos? <\/strong><\/p>\n<p>En esta web empleamos cookies con la finalidad de facilitar su navegaci\u00f3n y proporcionarle una mejor experiencia de navegaci\u00f3n. Las cookies que empleamos se pueden dividir en las siguientes categor\u00edas:<\/p>\n<p>Seg\u00fan desde donde son enviadas:<\/p>\n<ol>\n<li><u>Cookies propias<\/u>: se env\u00edan a su dispositivo desde nuestros propios equipos o desde nuestro dominio.<\/li>\n<li><u>Cookies de terceros<\/u>: aquellas cookies que se env\u00edan a su navegador desde un equipo o dominio que no es gestionado por nosotros, sino por otra entidad colaboradora.<\/li>\n<\/ol>\n<p>Seg\u00fan su finalidad:<\/p>\n<ol>\n<li><u>Cookies de t\u00e9cnicas<\/u>: son aquellas cookies que son esenciales para el funcionamiento de una web.<\/li>\n<li><u>Cookies anal\u00edticas<\/u>: tienen por finalidad analizar el uso que hace el usuario de una Web. Permiten cuantificar el n\u00famero de usuarios que visitan el Sitio Web e identificar qu\u00e9 capas del Sitio Web son m\u00e1s visitadas y, por tanto, m\u00e1s populares.<\/li>\n<li><u>Cookies de sesi\u00f3n<\/u>: permiten a los usuarios ser reconocidos en un sitio web de forma que cualquier cambio que realice, art\u00edculo que seleccione o dato que introduzca se recuerda de una a otra p\u00e1gina.<\/li>\n<\/ol>\n<p>Algunas de las cookies que empleamos son <u>persistentes<\/u>, lo que significa que permanecen almacenadas en su dispositivo durante un tiempo determinado, que puede variar de una cookie a otra. Si no elimina este tipo de cookie, dejar\u00e1n de funcionar solas cuando alcancen la fecha de caducidad que tengan determinada.<\/p>\n<p>En el siguiente cuadro le indicamos que cookies empleamos en este sitio web junto con la finalidad de cada una de ellas, su duraci\u00f3n e informaci\u00f3n sobre si es propia o de un tercero:<\/p>\n<table border=\"1\" width=\"425\">\n<tbody>\n<tr>\n<td width=\"79\"><strong>Nombre<\/strong><\/td>\n<td width=\"91\"><strong>Servidor desde el que se env\u00eda<\/strong><\/td>\n<td width=\"191\"><strong>Finalidad<\/strong><\/td>\n<td width=\"64\"><strong>Duraci\u00f3n<\/strong><\/td>\n<\/tr>\n<tr>\n<td width=\"79\">__utmc<\/td>\n<td width=\"91\">loquesea.com<\/td>\n<td width=\"191\">se utiliza en combinaci\u00f3n con el __utmb para identificar nuevas sesiones \/ visitas.<\/td>\n<td width=\"64\">sesi\u00f3n<\/td>\n<\/tr>\n<tr>\n<td width=\"79\">__utmb<\/td>\n<td width=\"91\">loquesea.com<\/td>\n<td width=\"191\">La cookie se actualiza cada vez que los datos se env\u00edan a Google Analytics.<\/td>\n<td width=\"64\">sesi\u00f3n<\/td>\n<\/tr>\n<tr>\n<td width=\"79\">__utma<\/td>\n<td width=\"91\">loquesea.com<\/td>\n<td width=\"191\">Se utiliza para calcular nuevas y antiguas estad\u00edsticas de visitantes.<\/td>\n<td width=\"64\">persistente<\/td>\n<\/tr>\n<tr>\n<td width=\"79\">__utmt_UA-41503034-50<\/td>\n<td width=\"91\">loquesea.com<\/td>\n<td width=\"191\">Se utiliza para limitar la cantidad de datos registrados por Google en los sitios web de elevado volumen de tr\u00e1nsito<\/td>\n<td width=\"64\">sesi\u00f3n<\/td>\n<\/tr>\n<tr>\n<td width=\"79\">__utmz<\/td>\n<td width=\"91\">loquesea.com<\/td>\n<td width=\"191\">Esta cookie identifica la fuente del tr\u00e1fico al sitio, por lo que Google Analytics puede decirle a los propietarios de donde han venido los visitantes antes de llegar al sitio.<\/td>\n<td width=\"64\">persistente<\/td>\n<\/tr>\n<tr>\n<td width=\"79\">Cookies de Facebook<\/td>\n<td width=\"91\">facebook.com<\/td>\n<td width=\"191\">https:\/\/www.facebook.com\/help\/cookies\/<\/td>\n<td width=\"64\">persistente<\/td>\n<\/tr>\n<tr>\n<td width=\"79\">Cookies de Twitter<\/td>\n<td width=\"91\">twitter.com<\/td>\n<td width=\"191\">https:\/\/twitter.com\/privacy<\/td>\n<td width=\"64\">persistente<\/td>\n<\/tr>\n<tr>\n<td width=\"79\">Cookies de Google+<\/td>\n<td width=\"91\">google.com<\/td>\n<td width=\"191\">https:\/\/www.google.com\/intl\/es_es\/policies\/technologies\/cookies\/<\/td>\n<td width=\"64\">persistente<\/td>\n<\/tr>\n<\/tbody>\n<\/table>\n<p>El Sitio Web utiliza Google Analytics, un servicio anal\u00edtico de web prestado por Google, Inc., (en adelante, \u201cGoogle\u201d) una compa\u00f1\u00eda de Delaware cuya oficina principal est\u00e1 en 1600 Amphitheatre Parkway, Mountain View (California), CA 94043, Estados Unidos. Google Analytics emplea cookies para ayudar al Sitio Web a analizar el uso del mismo que hacen los usuarios. La informaci\u00f3n que genera la cookie acerca de su uso del Sitio Web ser\u00e1 directamente transmitida y archivada por Google en los servidores de Estados Unidos. Google usar\u00e1 esta informaci\u00f3n para seguir la pista de su uso del sitio web, recopilando informes de la actividad del sitio web y prestando otros servicios relacionados con la actividad del sitio web y el uso de Internet.<\/p>\n<p>Si quiere obtener m\u00e1s informaci\u00f3n sobre el uso de cookies anal\u00edticas de Google empleadas en el Sitio Web, consulte el siguiente link:<\/p>\n<p><a href=\"https:\/\/developers.google.com\/analytics\/devguides\/collection\/analyticsjs\/cookie-usage?hl=es\">https:\/\/developers.google.com\/analytics\/devguides\/collection\/analyticsjs\/cookie-usage?hl=es<\/a>.<\/p>\n<\/p>\n<p><strong>\u00bfC\u00f3mo puedes controlar las cookies? <\/strong><\/p>\n<p>Es importante que sepa que en cualquier momento puede retirar su consentimiento a la Pol\u00edtica de cookies, eliminando las cookies almacenadas en su navegador web mediante los ajustes y configuraciones del mismo.<\/p>\n<p>Si lo desea, puede modificar f\u00e1cilmente las preferencias de su navegador para controlar usted mismo que cookies acceden a su ordenador y cuales prefiere limitar. Esta opci\u00f3n suele encontrarse en el men\u00fa de \u201copciones\u201d o \u201cpreferencias\u201d en los navegadores. Si emplea alguno de los siguientes, solamente tendr\u00e1 que seleccionar el enlace y seguir las instrucciones que desde la p\u00e1gina enlazada se indiquen:<\/p>\n<\/p>\n<ul>\n<li><a href=\"http:\/\/support.microsoft.com\/kb\/196955\">Preferencias de <em>cookies<\/em> en Internet Explorer<\/a><\/li>\n<li><a href=\"https:\/\/support.google.com\/chrome\/bin\/answer.py?hl=en&amp;answer=95647\">Preferencias de <em>cookies<\/em> en Chrome<\/a><\/li>\n<li><a href=\"http:\/\/support.mozilla.org\/en-US\/kb\/cookies-information-websites-store-on-your-computer?redirectlocale=en-US&amp;redirectslug=Cookies\">Preferencias de <em>cookies<\/em> en Firefox<\/a><\/li>\n<li><a href=\"http:\/\/support.apple.com\/kb\/PH11913\">Preferencias de <em>cookies<\/em> en Safari<\/a><\/li>\n<\/ul>\n<p>Sin embargo, si cambia sus preferencias y limita el acceso de cookies a su dispositivo, es posible que algunas de las funcionalidades de la web dejen de funcionar y se obstaculice por ello su navegaci\u00f3n.<\/p>\n<\/p>\n<p><strong>Modificaciones de la Pol\u00edtica de cookies<\/strong><\/p>\n<p>Ponemos a tu disposici\u00f3n la presente Pol\u00edtica de cookies para que puedas consultarla, archivarla o imprimirla siempre que lo estime conveniente. Es posible que la misma sufra modificaciones como consecuencia de cambios en la p\u00e1gina web o en las cookies empleadas, novedades legislativas o jurisprudenciales o el establecimiento de nuevos criterios de la Agencia Espa\u00f1ola de Protecci\u00f3n de Datos. Por ello, nos reservamos el derecho a modificar la presente Pol\u00edtica de cookies en cualquier momento.<\/p>\n<\/p>\n<p><strong>\u00daltima fecha de actualizaci\u00f3n: 09 de noviembre de 2023<\/strong><\/p>\n<\/div>\n\t\t\t\t\t\t<\/div>\n\t\t\t\t<\/div>\n\t\t\t\t\t<\/div>\n\t\t<\/div>\n\t\t\t\t\t<\/div>\n\t\t<\/section>\n\t\t\t\t<\/div>\n\t\t","protected":false},"excerpt":{"rendered":"<p>Pol\u00edtica de cookies \u00bfQu\u00e9 son las cookies? Las cookies son peque\u00f1os ficheros con informaci\u00f3n que se almacenan en su navegador web al acceder y usar determinadas p\u00e1ginas web. Estos ficheros&hellip;<\/p>\n","protected":false},"author":1,"featured_media":0,"parent":0,"menu_order":21,"comment_status":"closed","ping_status":"closed","template":"elementor_header_footer","meta":{"inline_featured_image":false,"footnotes":""},"class_list":["post-99032","page","type-page","status-publish","hentry"],"aioseo_notices":[],"_links":{"self":[{"href":"https:\/\/bcn.indipro.es\/es\/wp-json\/wp\/v2\/pages\/99032","targetHints":{"allow":["GET"]}}],"collection":[{"href":"https:\/\/bcn.indipro.es\/es\/wp-json\/wp\/v2\/pages"}],"about":[{"href":"https:\/\/bcn.indipro.es\/es\/wp-json\/wp\/v2\/types\/page"}],"author":[{"embeddable":true,"href":"https:\/\/bcn.indipro.es\/es\/wp-json\/wp\/v2\/users\/1"}],"replies":[{"embeddable":true,"href":"https:\/\/bcn.indipro.es\/es\/wp-json\/wp\/v2\/comments?post=99032"}],"version-history":[{"count":4,"href":"https:\/\/bcn.indipro.es\/es\/wp-json\/wp\/v2\/pages\/99032\/revisions"}],"predecessor-version":[{"id":99490,"href":"https:\/\/bcn.indipro.es\/es\/wp-json\/wp\/v2\/pages\/99032\/revisions\/99490"}],"wp:attachment":[{"href":"https:\/\/bcn.indipro.es\/es\/wp-json\/wp\/v2\/media?parent=99032"}],"curies":[{"name":"wp","href":"https:\/\/api.w.org\/{rel}","templated":true}]}}