{"id":98516,"date":"2023-11-28T09:40:07","date_gmt":"2023-11-28T08:40:07","guid":{"rendered":"https:\/\/bcn.indipro.es\/salud-mental-nutricion-y-cognicion-estudio-de-seguimiento-del-impacto-de-una-intervencion-en-dieta-mediterranea-y-promocion-de-la-actividad-fisica-en-personas-mayores-con-sobrepeso-y-obesidad\/"},"modified":"2023-12-11T09:18:03","modified_gmt":"2023-12-11T08:18:03","slug":"salud-mental-nutricion-y-cognicion-estudio-de-seguimiento-del-impacto-de-una-intervencion-en-dieta-mediterranea-y-promocion-de-la-actividad-fisica-en-personas-mayores-con-sobrepeso-y-obesidad","status":"publish","type":"page","link":"https:\/\/bcn.indipro.es\/es\/salud-mental-nutricion-y-cognicion-estudio-de-seguimiento-del-impacto-de-una-intervencion-en-dieta-mediterranea-y-promocion-de-la-actividad-fisica-en-personas-mayores-con-sobrepeso-y-obesidad\/","title":{"rendered":"Salud Mental, Nutrici\u00f3n y Cognici\u00f3n: Estudio de seguimiento del Impacto de una Intervenci\u00f3n en Dieta Mediterr\u00e1nea y Promoci\u00f3n de la Actividad F\u00edsica en Personas Mayores con Sobrepeso y Obesidad"},"content":{"rendered":"\t\t<div data-elementor-type=\"wp-page\" data-elementor-id=\"98516\" class=\"elementor elementor-98516 elementor-97449\" data-elementor-post-type=\"page\">\n\t\t\t\t\t\t<section class=\"elementor-section elementor-top-section elementor-element elementor-element-65a1089 elementor-reverse-tablet elementor-reverse-mobile elementor-section-height-min-height elementor-section-items-stretch elementor-section-boxed elementor-section-height-default\" data-id=\"65a1089\" data-element_type=\"section\" data-settings=\"{&quot;background_background&quot;:&quot;gradient&quot;}\">\n\t\t\t\t\t\t\t<div class=\"elementor-background-overlay\"><\/div>\n\t\t\t\t\t\t\t<div class=\"elementor-container elementor-column-gap-wider\">\n\t\t\t\t\t<div class=\"elementor-column elementor-col-100 elementor-top-column elementor-element elementor-element-78cd6db\" data-id=\"78cd6db\" data-element_type=\"column\">\n\t\t\t<div class=\"elementor-widget-wrap elementor-element-populated\">\n\t\t\t\t\t\t<div class=\"elementor-element elementor-element-07267d1 elementor-mobile-align-center elementor-widget elementor-widget-button\" data-id=\"07267d1\" data-element_type=\"widget\" data-widget_type=\"button.default\">\n\t\t\t\t<div class=\"elementor-widget-container\">\n\t\t\t\t\t<div class=\"elementor-button-wrapper\">\n\t\t\t<a class=\"elementor-button elementor-button-link elementor-size-lg elementor-animation-sink\" href=\"https:\/\/bcn.indipro.es\/es\/proyectos-de-investigacion\/\">\n\t\t\t\t\t\t<span class=\"elementor-button-content-wrapper\">\n\t\t\t\t\t\t<span class=\"elementor-button-icon elementor-align-icon-left\">\n\t\t\t\t<svg xmlns=\"http:\/\/www.w3.org\/2000\/svg\" id=\"Layer_1\" data-name=\"Layer 1\" viewBox=\"0 0 24 24\" stroke-width=\"2\" width=\"100\" height=\"100\"><defs><style>.cls-63ce7424ea57ea6c8380057f-1{fill:none;stroke:currentColor;stroke-miterlimit:10;}<\/style><\/defs><line class=\"cls-63ce7424ea57ea6c8380057f-1\" x1=\"2.5\" y1=\"12\" x2=\"23.5\" y2=\"12\"><\/line><polyline class=\"cls-63ce7424ea57ea6c8380057f-1\" points=\"10.14 4.36 2.5 12 10.14 19.64\"><\/polyline><\/svg>\t\t\t<\/span>\n\t\t\t\t\t\t<span class=\"elementor-button-text\">VOLVER A PROYECTOS<\/span>\n\t\t<\/span>\n\t\t\t\t\t<\/a>\n\t\t<\/div>\n\t\t\t\t<\/div>\n\t\t\t\t<\/div>\n\t\t\t\t\t<\/div>\n\t\t<\/div>\n\t\t\t\t\t<\/div>\n\t\t<\/section>\n\t\t\t\t<section class=\"elementor-section elementor-top-section elementor-element elementor-element-7a3f285 projectesbox elementor-section-boxed elementor-section-height-default elementor-section-height-default\" data-id=\"7a3f285\" data-element_type=\"section\" data-settings=\"{&quot;animation&quot;:&quot;none&quot;}\">\n\t\t\t\t\t\t<div class=\"elementor-container elementor-column-gap-wider\">\n\t\t\t\t\t<div class=\"elementor-column elementor-col-100 elementor-top-column elementor-element elementor-element-dde2109\" data-id=\"dde2109\" data-element_type=\"column\">\n\t\t\t<div class=\"elementor-widget-wrap elementor-element-populated\">\n\t\t\t\t\t\t<div class=\"elementor-element elementor-element-8d55c65 elementor-widget elementor-widget-heading\" data-id=\"8d55c65\" data-element_type=\"widget\" data-widget_type=\"heading.default\">\n\t\t\t\t<div class=\"elementor-widget-container\">\n\t\t\t<h2 class=\"elementor-heading-title elementor-size-default\">T\u00edtulo del proyecto\n<\/h2>\t\t<\/div>\n\t\t\t\t<\/div>\n\t\t\t\t<div class=\"elementor-element elementor-element-a651f7e elementor-widget elementor-widget-text-editor\" data-id=\"a651f7e\" data-element_type=\"widget\" data-widget_type=\"text-editor.default\">\n\t\t\t\t<div class=\"elementor-widget-container\">\n\t\t\t\t\t\t\t<p>Salud Mental, Nutrici\u00f3n y Cognici\u00f3n: Estudio de seguimiento del Impacto de una Intervenci\u00f3n en Dieta Mediterr\u00e1nea y Promoci\u00f3n de la Actividad F\u00edsica en Personas Mayores con Sobrepeso y Obesidad<\/p>\n\t\t\t\t\t\t<\/div>\n\t\t\t\t<\/div>\n\t\t\t\t\t<\/div>\n\t\t<\/div>\n\t\t\t\t\t<\/div>\n\t\t<\/section>\n\t\t\t\t<section class=\"elementor-section elementor-top-section elementor-element elementor-element-0e839bc projectesbox elementor-section-boxed elementor-section-height-default elementor-section-height-default\" data-id=\"0e839bc\" data-element_type=\"section\" data-settings=\"{&quot;animation&quot;:&quot;none&quot;}\">\n\t\t\t\t\t\t<div class=\"elementor-container elementor-column-gap-wider\">\n\t\t\t\t\t<div class=\"elementor-column elementor-col-33 elementor-top-column elementor-element elementor-element-27e3798\" data-id=\"27e3798\" data-element_type=\"column\">\n\t\t\t<div class=\"elementor-widget-wrap elementor-element-populated\">\n\t\t\t\t\t\t<div class=\"elementor-element elementor-element-b0992c5 elementor-widget elementor-widget-heading\" data-id=\"b0992c5\" data-element_type=\"widget\" data-widget_type=\"heading.default\">\n\t\t\t\t<div class=\"elementor-widget-container\">\n\t\t\t<h2 class=\"elementor-heading-title elementor-size-default\">Nombre de la entidad financiadora\n<\/h2>\t\t<\/div>\n\t\t\t\t<\/div>\n\t\t\t\t<div class=\"elementor-element elementor-element-0f89133 elementor-widget elementor-widget-text-editor\" data-id=\"0f89133\" data-element_type=\"widget\" data-widget_type=\"text-editor.default\">\n\t\t\t\t<div class=\"elementor-widget-container\">\n\t\t\t\t\t\t\t<p>Departamento de Salud de la Generalidad de Catalu\u00f1a<\/p>\n\t\t\t\t\t\t<\/div>\n\t\t\t\t<\/div>\n\t\t\t\t\t<\/div>\n\t\t<\/div>\n\t\t\t\t<div class=\"elementor-column elementor-col-33 elementor-top-column elementor-element elementor-element-c5725cf\" data-id=\"c5725cf\" data-element_type=\"column\">\n\t\t\t<div class=\"elementor-widget-wrap elementor-element-populated\">\n\t\t\t\t\t\t<div class=\"elementor-element elementor-element-cf2d720 elementor-widget elementor-widget-heading\" data-id=\"cf2d720\" data-element_type=\"widget\" data-widget_type=\"heading.default\">\n\t\t\t\t<div class=\"elementor-widget-container\">\n\t\t\t<h2 class=\"elementor-heading-title elementor-size-default\">Referencia del proyecto<\/h2>\t\t<\/div>\n\t\t\t\t<\/div>\n\t\t\t\t<div class=\"elementor-element elementor-element-f5ec19f elementor-widget elementor-widget-text-editor\" data-id=\"f5ec19f\" data-element_type=\"widget\" data-widget_type=\"text-editor.default\">\n\t\t\t\t<div class=\"elementor-widget-container\">\n\t\t\t\t\t\t\t<p>SLT006\/17\/00246<\/p>\n\t\t\t\t\t\t<\/div>\n\t\t\t\t<\/div>\n\t\t\t\t\t<\/div>\n\t\t<\/div>\n\t\t\t\t<div class=\"elementor-column elementor-col-33 elementor-top-column elementor-element elementor-element-9fe9354\" data-id=\"9fe9354\" data-element_type=\"column\">\n\t\t\t<div class=\"elementor-widget-wrap elementor-element-populated\">\n\t\t\t\t\t\t<div class=\"elementor-element elementor-element-0109ead elementor-widget elementor-widget-heading\" data-id=\"0109ead\" data-element_type=\"widget\" data-widget_type=\"heading.default\">\n\t\t\t\t<div class=\"elementor-widget-container\">\n\t\t\t<h2 class=\"elementor-heading-title elementor-size-default\">Cuant\u00eda otorgada\n<\/h2>\t\t<\/div>\n\t\t\t\t<\/div>\n\t\t\t\t<div class=\"elementor-element elementor-element-9f4ce60 elementor-widget elementor-widget-text-editor\" data-id=\"9f4ce60\" data-element_type=\"widget\" data-widget_type=\"text-editor.default\">\n\t\t\t\t<div class=\"elementor-widget-container\">\n\t\t\t\t\t\t\t<p>84.000 \u20ac<\/p>\n\t\t\t\t\t\t<\/div>\n\t\t\t\t<\/div>\n\t\t\t\t\t<\/div>\n\t\t<\/div>\n\t\t\t\t\t<\/div>\n\t\t<\/section>\n\t\t\t\t<section class=\"elementor-section elementor-top-section elementor-element elementor-element-bb918a4 projectesbox elementor-section-boxed elementor-section-height-default elementor-section-height-default\" data-id=\"bb918a4\" data-element_type=\"section\" data-settings=\"{&quot;animation&quot;:&quot;none&quot;}\">\n\t\t\t\t\t\t<div class=\"elementor-container elementor-column-gap-wider\">\n\t\t\t\t\t<div class=\"elementor-column elementor-col-33 elementor-top-column elementor-element elementor-element-8e9b48d\" data-id=\"8e9b48d\" data-element_type=\"column\">\n\t\t\t<div class=\"elementor-widget-wrap elementor-element-populated\">\n\t\t\t\t\t\t<div class=\"elementor-element elementor-element-b9fbd15 elementor-widget elementor-widget-heading\" data-id=\"b9fbd15\" data-element_type=\"widget\" data-widget_type=\"heading.default\">\n\t\t\t\t<div class=\"elementor-widget-container\">\n\t\t\t<h2 class=\"elementor-heading-title elementor-size-default\">Fecha inicio<\/h2>\t\t<\/div>\n\t\t\t\t<\/div>\n\t\t\t\t<div class=\"elementor-element elementor-element-2540fe2 elementor-widget elementor-widget-text-editor\" data-id=\"2540fe2\" data-element_type=\"widget\" data-widget_type=\"text-editor.default\">\n\t\t\t\t<div class=\"elementor-widget-container\">\n\t\t\t\t\t\t\t<p>2018<\/p>\n\t\t\t\t\t\t<\/div>\n\t\t\t\t<\/div>\n\t\t\t\t\t<\/div>\n\t\t<\/div>\n\t\t\t\t<div class=\"elementor-column elementor-col-33 elementor-top-column elementor-element elementor-element-0e8b512\" data-id=\"0e8b512\" data-element_type=\"column\">\n\t\t\t<div class=\"elementor-widget-wrap elementor-element-populated\">\n\t\t\t\t\t\t<div class=\"elementor-element elementor-element-9f28a56 elementor-widget elementor-widget-heading\" data-id=\"9f28a56\" data-element_type=\"widget\" data-widget_type=\"heading.default\">\n\t\t\t\t<div class=\"elementor-widget-container\">\n\t\t\t<h2 class=\"elementor-heading-title elementor-size-default\">Fecha finalizaci\u00f3n\n<\/h2>\t\t<\/div>\n\t\t\t\t<\/div>\n\t\t\t\t<div class=\"elementor-element elementor-element-2864697 elementor-widget elementor-widget-text-editor\" data-id=\"2864697\" data-element_type=\"widget\" data-widget_type=\"text-editor.default\">\n\t\t\t\t<div class=\"elementor-widget-container\">\n\t\t\t\t\t\t\t<p>2020<\/p>\n\t\t\t\t\t\t<\/div>\n\t\t\t\t<\/div>\n\t\t\t\t\t<\/div>\n\t\t<\/div>\n\t\t\t\t<div class=\"elementor-column elementor-col-33 elementor-top-column elementor-element elementor-element-1bc13d5\" data-id=\"1bc13d5\" data-element_type=\"column\">\n\t\t\t<div class=\"elementor-widget-wrap elementor-element-populated\">\n\t\t\t\t\t\t<div class=\"elementor-element elementor-element-5282eac elementor-widget elementor-widget-heading\" data-id=\"5282eac\" data-element_type=\"widget\" data-widget_type=\"heading.default\">\n\t\t\t\t<div class=\"elementor-widget-container\">\n\t\t\t<h2 class=\"elementor-heading-title elementor-size-default\">Nombre y apellidos del\/la IP<\/h2>\t\t<\/div>\n\t\t\t\t<\/div>\n\t\t\t\t<div class=\"elementor-element elementor-element-5a01e82 elementor-widget elementor-widget-text-editor\" data-id=\"5a01e82\" data-element_type=\"widget\" data-widget_type=\"text-editor.default\">\n\t\t\t\t<div class=\"elementor-widget-container\">\n\t\t\t\t\t\t\t<p>Fernando Fern\u00e1ndez Aranda<\/p>\n\t\t\t\t\t\t<\/div>\n\t\t\t\t<\/div>\n\t\t\t\t\t<\/div>\n\t\t<\/div>\n\t\t\t\t\t<\/div>\n\t\t<\/section>\n\t\t\t\t<\/div>\n\t\t","protected":false},"excerpt":{"rendered":"<p>VOLVER A PROYECTOS T\u00edtulo del proyecto Salud Mental, Nutrici\u00f3n y Cognici\u00f3n: Estudio de seguimiento del Impacto de una Intervenci\u00f3n en Dieta Mediterr\u00e1nea y Promoci\u00f3n de la Actividad F\u00edsica en Personas&hellip;<\/p>\n","protected":false},"author":1,"featured_media":0,"parent":0,"menu_order":331,"comment_status":"closed","ping_status":"closed","template":"elementor_header_footer","meta":{"inline_featured_image":false,"footnotes":""},"class_list":["post-98516","page","type-page","status-publish","hentry"],"aioseo_notices":[],"_links":{"self":[{"href":"https:\/\/bcn.indipro.es\/es\/wp-json\/wp\/v2\/pages\/98516","targetHints":{"allow":["GET"]}}],"collection":[{"href":"https:\/\/bcn.indipro.es\/es\/wp-json\/wp\/v2\/pages"}],"about":[{"href":"https:\/\/bcn.indipro.es\/es\/wp-json\/wp\/v2\/types\/page"}],"author":[{"embeddable":true,"href":"https:\/\/bcn.indipro.es\/es\/wp-json\/wp\/v2\/users\/1"}],"replies":[{"embeddable":true,"href":"https:\/\/bcn.indipro.es\/es\/wp-json\/wp\/v2\/comments?post=98516"}],"version-history":[{"count":1,"href":"https:\/\/bcn.indipro.es\/es\/wp-json\/wp\/v2\/pages\/98516\/revisions"}],"predecessor-version":[{"id":98518,"href":"https:\/\/bcn.indipro.es\/es\/wp-json\/wp\/v2\/pages\/98516\/revisions\/98518"}],"wp:attachment":[{"href":"https:\/\/bcn.indipro.es\/es\/wp-json\/wp\/v2\/media?parent=98516"}],"curies":[{"name":"wp","href":"https:\/\/api.w.org\/{rel}","templated":true}]}}